{"id":106,"date":"2025-08-12T11:54:49","date_gmt":"2025-08-12T09:54:49","guid":{"rendered":"http:\/\/metamorphio.com\/wp\/?page_id=106"},"modified":"2026-02-08T14:16:38","modified_gmt":"2026-02-08T13:16:38","slug":"kompetenzen","status":"publish","type":"page","link":"https:\/\/metamorphio.com\/en\/kompetenzen\/","title":{"rendered":"Competences"},"content":{"rendered":"<div class=\"module module--stage--page\">\n\n\t<div class=\"module--inner pb--32 pt--0\">\n\n<div class=\"module--inner bg--color--blue\">\n\n\t\t\n\t\t<div class=\"media--wrapper\"  data-reveal-wrapper>\n\t\t\t<div class=\"elem--parallax--wrapper\" data-opacity=\"1\" data-factor=\".8\" data-offset=\"\" data-trigger-elem=\"body\" data-trigger-start=\"top\" data-trigger-point=\"top\">\n\t\t\t\t<div class=\"elem--parallax\">\n\t\t\t\t   \n\n<div class=\"media--wrapper\" data-reveal>\n\n  \n  <picture class=\"media\">\n    <source srcset=\"https:\/\/metamorphio.com\/wp\/wp-content\/uploads\/2025\/10\/Img_Hero_Kompetenzen.jpg 3000w, https:\/\/metamorphio.com\/wp\/wp-content\/uploads\/2025\/10\/Img_Hero_Kompetenzen-2000x1000.jpg 2000w, https:\/\/metamorphio.com\/wp\/wp-content\/uploads\/2025\/10\/Img_Hero_Kompetenzen-1600x800.jpg 1600w, https:\/\/metamorphio.com\/wp\/wp-content\/uploads\/2025\/10\/Img_Hero_Kompetenzen-1200x600.jpg 1200w, https:\/\/metamorphio.com\/wp\/wp-content\/uploads\/2025\/10\/Img_Hero_Kompetenzen-800x400.jpg 800w\" sizes=\"100vw\"\/>\n    <img loading=\"lazy\" class=\"lazy media\" \n                data-src=\"https:\/\/metamorphio.com\/wp\/wp-content\/uploads\/2025\/10\/Img_Hero_Kompetenzen.jpg\" \n        data-srcset=\"https:\/\/metamorphio.com\/wp\/wp-content\/uploads\/2025\/10\/Img_Hero_Kompetenzen.jpg 3000w, https:\/\/metamorphio.com\/wp\/wp-content\/uploads\/2025\/10\/Img_Hero_Kompetenzen-2000x1000.jpg 2000w, https:\/\/metamorphio.com\/wp\/wp-content\/uploads\/2025\/10\/Img_Hero_Kompetenzen-1600x800.jpg 1600w, https:\/\/metamorphio.com\/wp\/wp-content\/uploads\/2025\/10\/Img_Hero_Kompetenzen-1200x600.jpg 1200w, https:\/\/metamorphio.com\/wp\/wp-content\/uploads\/2025\/10\/Img_Hero_Kompetenzen-800x400.jpg 800w\"\n        sizes=\"100vw\"\n        alt=\"\"\/>\n  <\/picture>\n\n  \n<\/div>\n\n\n\t\t\t  <\/div><!-- .elem-parallax -->\n\t\t\t<\/div><!-- .elem-parallax-wrapper -->\n\n<\/div>\n\n<div class=\"media--wrapper\">\n\t\t\t<div class=\"elem--parallax--wrapper\" \n\t\t\t\tdata-opacity=\"1\" \n\t\t\t\tdata-factor=\".4\" \n\t\t\t\tdata-offset=\"\" \n\t\t\t\tdata-trigger-elem=\"body\" \n\t\t\t\tdata-trigger-start=\"top\" \n\t\t\t\tdata-trigger-point=\"top\">\n\t\t\t\t<div class=\"elem--parallax\">\n\t\t\t\n\t\t\t\t\t  <img decoding=\"async\" \n\t\t\t\t\t      src=\"https:\/\/metamorphio.com\/wp\/wp-content\/themes\/metamorphio\/assets\/img\/lines\/page.png\"\/>\n\n\t\t\t\t<\/div><!-- .elem-parallax -->\n\t\t\t<\/div><!-- .elem-parallax-wrapper -->\n\n\t\t<\/div><!-- .media-wrapper -->\n\n\n\n?>\n\n\n\n<div class=\"row h-align--center v-align--center\">\n\t<div class=\"col col-8 col-10--sm col-12--xs t-align--center\">\n\t\t<div class=\"elem--parallax--wrapper\" data-opacity=\"0\" data-factor=\".6\" data-offset=\"\" data-trigger-elem=\"body\" data-trigger-start=\"top\" data-trigger-point=\"top\">\n\n\t\t\t\n\t\t\t\t<div class=\"elem--parallax\"  data-reveal-wrapper>\n\n\t\t\t<hgroup>\t<div class=\"t-h6--big pb--12 t-color--orange\" data-reveal>Competences<\/div>\t<h1 class=\"t-h1 t-color--white\" data-reveal>We focus on solutions, not problems.<\/h1><\/hgroup>\t\t\n\t\t\n\n<\/div>\n\t<\/div>\n\t<\/div>\n\n\n\t\n<\/div>\n\n<\/div>\n\n  <\/div><!-- .module--inner -->\n\n<\/div><!-- .module -->\n\n\n\n\n\t\n<div class=\"module module--overview--expertise\">\n\n\t<div class=\"module--inner pb--48 pt--96 bg--color--transparent\">\n\n\t\t\n<div class=\"sections layout--image--right\">\n\n\n\t\n\n\t\n\t\t\n\t\t\t\n<div class=\"row v-align--center pb--128 pt--128\" data-reveal-wrapper>\n\n\n\t<div class=\"col col-6 col-12--sm col--image flex-order--1--sm\">\n\t\t\n\n<div class=\"media--wrapper ar--4-3 br elevation-3\" data-reveal>\n\n  \n  <picture class=\"media\">\n    <source srcset=\"https:\/\/metamorphio.com\/wp\/wp-content\/uploads\/2025\/08\/Digitale-Strategieberatung.jpg 3000w, https:\/\/metamorphio.com\/wp\/wp-content\/uploads\/2025\/08\/Digitale-Strategieberatung-2000x1334.jpg 2000w, https:\/\/metamorphio.com\/wp\/wp-content\/uploads\/2025\/08\/Digitale-Strategieberatung-1600x1067.jpg 1600w, https:\/\/metamorphio.com\/wp\/wp-content\/uploads\/2025\/08\/Digitale-Strategieberatung-1200x800.jpg 1200w, https:\/\/metamorphio.com\/wp\/wp-content\/uploads\/2025\/08\/Digitale-Strategieberatung-800x533.jpg 800w\" sizes=\"(min-width: 1697px) 748px,               \t\t\t  (min-width: 835px) 44.1vw,\t\t\t\t\t            87vw\"\/>\n    <img loading=\"lazy\" class=\"lazy media\" \n        width=\"4\" height=\"3\"        data-src=\"https:\/\/metamorphio.com\/wp\/wp-content\/uploads\/2025\/08\/Digitale-Strategieberatung.jpg\" \n        data-srcset=\"https:\/\/metamorphio.com\/wp\/wp-content\/uploads\/2025\/08\/Digitale-Strategieberatung.jpg 3000w, https:\/\/metamorphio.com\/wp\/wp-content\/uploads\/2025\/08\/Digitale-Strategieberatung-2000x1334.jpg 2000w, https:\/\/metamorphio.com\/wp\/wp-content\/uploads\/2025\/08\/Digitale-Strategieberatung-1600x1067.jpg 1600w, https:\/\/metamorphio.com\/wp\/wp-content\/uploads\/2025\/08\/Digitale-Strategieberatung-1200x800.jpg 1200w, https:\/\/metamorphio.com\/wp\/wp-content\/uploads\/2025\/08\/Digitale-Strategieberatung-800x533.jpg 800w\"\n        sizes=\"auto, (min-width: 1697px) 748px,               \t\t\t  (min-width: 835px) 44.1vw,\t\t\t\t\t            87vw\"\n        alt=\"Digitale Strategieberatung\"\/>\n  <\/picture>\n\n  \n<\/div>\n\n\n\t<\/div><!-- .col -->\n\n\t\n\t<div class=\"col col-6 col-12--sm col--text v-align--center pt--48--sm flex-order--2--sm\">\n\n\t\t<div class=\"col--inner pl--64 pr--64 pl--16--xs pr--16--xs\">\n\n\t\t\t<hgroup>\t<div class=\"t-h6--big pb--8 t-color--orange\" data-reveal>Digitale Strategieberatung<\/div>\t<h2 data-reveal>Digitalstrategien f\u00fcr nachhaltigen Erfolg.<\/h2><\/hgroup>\n\t\t\t\n\t\t\t<div data-reveal class=\"t-h5\"><\/div>\n\t\t\t<div data-reveal class=\"t-copy--medium--long t--wysiwyg pt--32\"><ul>\n<li>Entwicklung ganzheitlicher Digitalisierungsstrategien<\/li>\n<li>Identifikation neuer digitaler Gesch\u00e4ftsmodelle<\/li>\n<li>Bewertung technologischer Trends und Einsatzpotenziale<\/li>\n<li>Begleitung von Transformations- und Change-Prozessen<\/li>\n<\/ul>\n<\/div>\n\n\t\t\t\t\t\t\t<div class=\"pt--40\">\n\t\t\t\t\t\t<div class=\"btn--wrapper\" data-reveal>\n\t\t<a class=\"btn btn--secondary icon--arrow btn--full-width--sm\" href=\"https:\/\/metamorphio.com\/en\/references\/?kompetenz=digital-strategy-consulting\">Referenzen anzeigen<\/a>\n\t<\/div>\n\t\t\t\t<\/div>\n\t\t\t\n\t\t<\/div>\n\t\t\t\n\t<\/div><!-- .col -->\n\n<\/div><!-- .row -->\n\n\n\t\t\n\n\t\n\t\t\n\t\t\t\n<div class=\"row v-align--center pb--128 pt--128\" data-reveal-wrapper>\n\n\n\t<div class=\"col col-6 col-12--sm col--image flex-order--1--sm\">\n\t\t\n\n<div class=\"media--wrapper ar--4-3 br elevation-3\" data-reveal>\n\n  \n  <picture class=\"media\">\n    <source srcset=\"https:\/\/metamorphio.com\/wp\/wp-content\/uploads\/2026\/01\/Ausschreibungsmanagement.jpg 3000w, https:\/\/metamorphio.com\/wp\/wp-content\/uploads\/2026\/01\/Ausschreibungsmanagement-2000x1091.jpg 2000w, https:\/\/metamorphio.com\/wp\/wp-content\/uploads\/2026\/01\/Ausschreibungsmanagement-1600x873.jpg 1600w, https:\/\/metamorphio.com\/wp\/wp-content\/uploads\/2026\/01\/Ausschreibungsmanagement-1200x655.jpg 1200w, https:\/\/metamorphio.com\/wp\/wp-content\/uploads\/2026\/01\/Ausschreibungsmanagement-800x436.jpg 800w\" sizes=\"(min-width: 1697px) 748px,               \t\t\t  (min-width: 835px) 44.1vw,\t\t\t\t\t            87vw\"\/>\n    <img loading=\"lazy\" class=\"lazy media\" \n        width=\"4\" height=\"3\"        data-src=\"https:\/\/metamorphio.com\/wp\/wp-content\/uploads\/2026\/01\/Ausschreibungsmanagement.jpg\" \n        data-srcset=\"https:\/\/metamorphio.com\/wp\/wp-content\/uploads\/2026\/01\/Ausschreibungsmanagement.jpg 3000w, https:\/\/metamorphio.com\/wp\/wp-content\/uploads\/2026\/01\/Ausschreibungsmanagement-2000x1091.jpg 2000w, https:\/\/metamorphio.com\/wp\/wp-content\/uploads\/2026\/01\/Ausschreibungsmanagement-1600x873.jpg 1600w, https:\/\/metamorphio.com\/wp\/wp-content\/uploads\/2026\/01\/Ausschreibungsmanagement-1200x655.jpg 1200w, https:\/\/metamorphio.com\/wp\/wp-content\/uploads\/2026\/01\/Ausschreibungsmanagement-800x436.jpg 800w\"\n        sizes=\"auto, (min-width: 1697px) 748px,               \t\t\t  (min-width: 835px) 44.1vw,\t\t\t\t\t            87vw\"\n        alt=\"Vergabe-\/ Ausschreibungsmanagement\"\/>\n  <\/picture>\n\n  \n<\/div>\n\n\n\t<\/div><!-- .col -->\n\n\t\n\t<div class=\"col col-6 col-12--sm col--text v-align--center pt--48--sm flex-order--2--sm\">\n\n\t\t<div class=\"col--inner pl--64 pr--64 pl--16--xs pr--16--xs\">\n\n\t\t\t<hgroup>\t<div class=\"t-h6--big pb--8 t-color--orange\" data-reveal>Vergabe <span style=\"font-feature-settings: 'ss12';\">&amp;<\/span> Ausschreibungs&shy;management<\/div>\t<h2 data-reveal>Effizient und strategisch durch den Vergabeprozess.<\/h2><\/hgroup>\n\t\t\t\n\t\t\t<div data-reveal class=\"t-h5\"><\/div>\n\t\t\t<div data-reveal class=\"t-copy--medium--long t--wysiwyg pt--32\"><ul>\n<li>Anforderungsmanagement<\/li>\n<li>Erstellung und Begleitung von \u00f6ffentlichen Ausschreibungen<\/li>\n<li>Unterst\u00fctzung bei Vergabe-verfahren und Dokumentation<\/li>\n<li>Markt- und Bedarfsanalysen f\u00fcr optimale Vergabestrategien<\/li>\n<li>Qualit\u00e4tssicherung und Compliance im Vergabeprozess<\/li>\n<\/ul>\n<\/div>\n\n\t\t\t\t\t\t\t<div class=\"pt--40\">\n\t\t\t\t\t\t<div class=\"btn--wrapper\" data-reveal>\n\t\t<a class=\"btn btn--secondary icon--arrow btn--full-width--sm\" href=\"https:\/\/metamorphio.com\/en\/references\/?kompetenz=ausschreibungsmanagement\">Referenzen anzeigen<\/a>\n\t<\/div>\n\t\t\t\t<\/div>\n\t\t\t\n\t\t<\/div>\n\t\t\t\n\t<\/div><!-- .col -->\n\n<\/div><!-- .row -->\n\n\n\t\t\n\n\t\n\t\t\n\t\t\t\n<div class=\"row v-align--center pb--128 pt--128\" data-reveal-wrapper>\n\n\n\t<div class=\"col col-6 col-12--sm col--image flex-order--1--sm\">\n\t\t\n\n<div class=\"media--wrapper ar--4-3 br elevation-3\" data-reveal>\n\n  \n  <picture class=\"media\">\n    <source srcset=\"https:\/\/metamorphio.com\/wp\/wp-content\/uploads\/2026\/01\/Prozessberatung.jpg 3000w, https:\/\/metamorphio.com\/wp\/wp-content\/uploads\/2026\/01\/Prozessberatung-2000x1116.jpg 2000w, https:\/\/metamorphio.com\/wp\/wp-content\/uploads\/2026\/01\/Prozessberatung-1600x893.jpg 1600w, https:\/\/metamorphio.com\/wp\/wp-content\/uploads\/2026\/01\/Prozessberatung-1200x670.jpg 1200w, https:\/\/metamorphio.com\/wp\/wp-content\/uploads\/2026\/01\/Prozessberatung-800x446.jpg 800w\" sizes=\"(min-width: 1697px) 748px,               \t\t\t  (min-width: 835px) 44.1vw,\t\t\t\t\t            87vw\"\/>\n    <img loading=\"lazy\" class=\"lazy media\" \n        width=\"4\" height=\"3\"        data-src=\"https:\/\/metamorphio.com\/wp\/wp-content\/uploads\/2026\/01\/Prozessberatung.jpg\" \n        data-srcset=\"https:\/\/metamorphio.com\/wp\/wp-content\/uploads\/2026\/01\/Prozessberatung.jpg 3000w, https:\/\/metamorphio.com\/wp\/wp-content\/uploads\/2026\/01\/Prozessberatung-2000x1116.jpg 2000w, https:\/\/metamorphio.com\/wp\/wp-content\/uploads\/2026\/01\/Prozessberatung-1600x893.jpg 1600w, https:\/\/metamorphio.com\/wp\/wp-content\/uploads\/2026\/01\/Prozessberatung-1200x670.jpg 1200w, https:\/\/metamorphio.com\/wp\/wp-content\/uploads\/2026\/01\/Prozessberatung-800x446.jpg 800w\"\n        sizes=\"auto, (min-width: 1697px) 748px,               \t\t\t  (min-width: 835px) 44.1vw,\t\t\t\t\t            87vw\"\n        alt=\"Prozessberatung \/ Prozessoptimierung\"\/>\n  <\/picture>\n\n  \n<\/div>\n\n\n\t<\/div><!-- .col -->\n\n\t\n\t<div class=\"col col-6 col-12--sm col--text v-align--center pt--48--sm flex-order--2--sm\">\n\n\t\t<div class=\"col--inner pl--64 pr--64 pl--16--xs pr--16--xs\">\n\n\t\t\t<hgroup>\t<div class=\"t-h6--big pb--8 t-color--orange\" data-reveal>Prozessberatung&nbsp;<span style=\"font-feature-settings: 'ss12';\">&amp;<\/span>&nbsp;Prozessoptimierung<\/div>\t<h2 data-reveal>Effiziente, digitale und skalierbare Gesch\u00e4ftsprozesse gestalten.<\/h2><\/hgroup>\n\t\t\t\n\t\t\t<div data-reveal class=\"t-h5\"><\/div>\n\t\t\t<div data-reveal class=\"t-copy--medium--long t--wysiwyg pt--32\"><ul>\n<li>Analyse, Optimierung und Digitalisierung von Gesch\u00e4ftsprozessen<\/li>\n<li>Einf\u00fchrung von BPM-Methoden und -Tools<\/li>\n<li>Prozessmodellierung (z.\u202fB. BPMN 2.0)<\/li>\n<li>Aufbau eines nachhaltigen Prozessmanagements<\/li>\n<\/ul>\n<\/div>\n\n\t\t\t\t\t\t\t<div class=\"pt--40\">\n\t\t\t\t\t\t<div class=\"btn--wrapper\" data-reveal>\n\t\t<a class=\"btn btn--secondary icon--arrow btn--full-width--sm\" href=\"https:\/\/metamorphio.com\/en\/references\/?kompetenz=business-process-management\">Referenzen anzeigen<\/a>\n\t<\/div>\n\t\t\t\t<\/div>\n\t\t\t\n\t\t<\/div>\n\t\t\t\n\t<\/div><!-- .col -->\n\n<\/div><!-- .row -->\n\n\n\t\t\n\n\t\n\t\t\n\t\t\t\n<div class=\"row v-align--center pb--128 pt--128\" data-reveal-wrapper>\n\n\n\t<div class=\"col col-6 col-12--sm col--image flex-order--1--sm\">\n\t\t\n\n<div class=\"media--wrapper ar--4-3 br elevation-3\" data-reveal>\n\n  \n  <picture class=\"media\">\n    <source srcset=\"https:\/\/metamorphio.com\/wp\/wp-content\/uploads\/2025\/08\/Smart-Mobility-Consulting.jpg 3000w, https:\/\/metamorphio.com\/wp\/wp-content\/uploads\/2025\/08\/Smart-Mobility-Consulting-2000x1121.jpg 2000w, https:\/\/metamorphio.com\/wp\/wp-content\/uploads\/2025\/08\/Smart-Mobility-Consulting-1600x897.jpg 1600w, https:\/\/metamorphio.com\/wp\/wp-content\/uploads\/2025\/08\/Smart-Mobility-Consulting-1200x672.jpg 1200w, https:\/\/metamorphio.com\/wp\/wp-content\/uploads\/2025\/08\/Smart-Mobility-Consulting-800x448.jpg 800w\" sizes=\"(min-width: 1697px) 748px,               \t\t\t  (min-width: 835px) 44.1vw,\t\t\t\t\t            87vw\"\/>\n    <img loading=\"lazy\" class=\"lazy media\" \n        width=\"4\" height=\"3\"        data-src=\"https:\/\/metamorphio.com\/wp\/wp-content\/uploads\/2025\/08\/Smart-Mobility-Consulting.jpg\" \n        data-srcset=\"https:\/\/metamorphio.com\/wp\/wp-content\/uploads\/2025\/08\/Smart-Mobility-Consulting.jpg 3000w, https:\/\/metamorphio.com\/wp\/wp-content\/uploads\/2025\/08\/Smart-Mobility-Consulting-2000x1121.jpg 2000w, https:\/\/metamorphio.com\/wp\/wp-content\/uploads\/2025\/08\/Smart-Mobility-Consulting-1600x897.jpg 1600w, https:\/\/metamorphio.com\/wp\/wp-content\/uploads\/2025\/08\/Smart-Mobility-Consulting-1200x672.jpg 1200w, https:\/\/metamorphio.com\/wp\/wp-content\/uploads\/2025\/08\/Smart-Mobility-Consulting-800x448.jpg 800w\"\n        sizes=\"auto, (min-width: 1697px) 748px,               \t\t\t  (min-width: 835px) 44.1vw,\t\t\t\t\t            87vw\"\n        alt=\"Smart Mobility Consulting\"\/>\n  <\/picture>\n\n  \n<\/div>\n\n\n\t<\/div><!-- .col -->\n\n\t\n\t<div class=\"col col-6 col-12--sm col--text v-align--center pt--48--sm flex-order--2--sm\">\n\n\t\t<div class=\"col--inner pl--64 pr--64 pl--16--xs pr--16--xs\">\n\n\t\t\t<hgroup>\t<div class=\"t-h6--big pb--8 t-color--orange\" data-reveal>Smart Mobility Consulting<\/div>\t<h2 data-reveal>Innovativ und pragmatisch zu digitalen Mobilit\u00e4tsl\u00f6sungen.<\/h2><\/hgroup>\n\t\t\t\n\t\t\t<div data-reveal class=\"t-h5\"><\/div>\n\t\t\t<div data-reveal class=\"t-copy--medium--long t--wysiwyg pt--32\"><ul>\n<li>Entwicklung digitaler Mobilit\u00e4tskonzepte<\/li>\n<li>Begleitung von Smart-City- und Mobilit\u00e4tsprojekten<\/li>\n<li>Beratung zu digitalen Plattformen und vernetzten Services<\/li>\n<li>Technologiebewertung im Mobilit\u00e4tsumfeld<\/li>\n<\/ul>\n<\/div>\n\n\t\t\t\t\t\t\t<div class=\"pt--40\">\n\t\t\t\t\t\t<div class=\"btn--wrapper\" data-reveal>\n\t\t<a class=\"btn btn--secondary icon--arrow btn--full-width--sm\" href=\"https:\/\/metamorphio.com\/en\/references\/?kompetenz=smart-mobility-consulting\">Referenzen anzeigen<\/a>\n\t<\/div>\n\t\t\t\t<\/div>\n\t\t\t\n\t\t<\/div>\n\t\t\t\n\t<\/div><!-- .col -->\n\n<\/div><!-- .row -->\n\n\n\t\t\n\n\t\n\t\t\n\t\t\t\n<div class=\"row v-align--center pb--128 pt--128\" data-reveal-wrapper>\n\n\n\t<div class=\"col col-6 col-12--sm col--image flex-order--1--sm\">\n\t\t\n\n<div class=\"media--wrapper ar--4-3 br elevation-3\" data-reveal>\n\n  \n  <picture class=\"media\">\n    <source srcset=\"https:\/\/metamorphio.com\/wp\/wp-content\/uploads\/2026\/01\/Interimsmanagement.jpg 3000w, https:\/\/metamorphio.com\/wp\/wp-content\/uploads\/2026\/01\/Interimsmanagement-2000x1091.jpg 2000w, https:\/\/metamorphio.com\/wp\/wp-content\/uploads\/2026\/01\/Interimsmanagement-1600x873.jpg 1600w, https:\/\/metamorphio.com\/wp\/wp-content\/uploads\/2026\/01\/Interimsmanagement-1200x655.jpg 1200w, https:\/\/metamorphio.com\/wp\/wp-content\/uploads\/2026\/01\/Interimsmanagement-800x436.jpg 800w\" sizes=\"(min-width: 1697px) 748px,               \t\t\t  (min-width: 835px) 44.1vw,\t\t\t\t\t            87vw\"\/>\n    <img loading=\"lazy\" class=\"lazy media\" \n        width=\"4\" height=\"3\"        data-src=\"https:\/\/metamorphio.com\/wp\/wp-content\/uploads\/2026\/01\/Interimsmanagement.jpg\" \n        data-srcset=\"https:\/\/metamorphio.com\/wp\/wp-content\/uploads\/2026\/01\/Interimsmanagement.jpg 3000w, https:\/\/metamorphio.com\/wp\/wp-content\/uploads\/2026\/01\/Interimsmanagement-2000x1091.jpg 2000w, https:\/\/metamorphio.com\/wp\/wp-content\/uploads\/2026\/01\/Interimsmanagement-1600x873.jpg 1600w, https:\/\/metamorphio.com\/wp\/wp-content\/uploads\/2026\/01\/Interimsmanagement-1200x655.jpg 1200w, https:\/\/metamorphio.com\/wp\/wp-content\/uploads\/2026\/01\/Interimsmanagement-800x436.jpg 800w\"\n        sizes=\"auto, (min-width: 1697px) 748px,               \t\t\t  (min-width: 835px) 44.1vw,\t\t\t\t\t            87vw\"\n        alt=\"Interimsmanagement\"\/>\n  <\/picture>\n\n  \n<\/div>\n\n\n\t<\/div><!-- .col -->\n\n\t\n\t<div class=\"col col-6 col-12--sm col--text v-align--center pt--48--sm flex-order--2--sm\">\n\n\t\t<div class=\"col--inner pl--64 pr--64 pl--16--xs pr--16--xs\">\n\n\t\t\t<hgroup>\t<div class=\"t-h6--big pb--8 t-color--orange\" data-reveal>Interimsmanagement<\/div>\t<h2 data-reveal>Schnell und verl\u00e4sslich in Schl\u00fcsselrollen. <\/h2><\/hgroup>\n\t\t\t\n\t\t\t<div data-reveal class=\"t-h5\"><\/div>\n\t\t\t<div data-reveal class=\"t-copy--medium--long t--wysiwyg pt--32\"><ul>\n<li>Tempor\u00e4re \u00dcbernahme von F\u00fchrungs- oder Projektrollen<\/li>\n<li>Stabilisierung kritischer Unternehmensphasen<\/li>\n<li>Strukturaufbau und Professionalisierung von Teams und Abl\u00e4ufen<\/li>\n<li>Umsetzung strategischer Initiativen unter Zeitdruck<\/li>\n<\/ul>\n<\/div>\n\n\t\t\t\t\t\t\t<div class=\"pt--40\">\n\t\t\t\t\t\t<div class=\"btn--wrapper\" data-reveal>\n\t\t<a class=\"btn btn--secondary icon--arrow btn--full-width--sm\" href=\"https:\/\/metamorphio.com\/en\/references\/?kompetenz=interimsmanagement\">Referenzen anzeigen<\/a>\n\t<\/div>\n\t\t\t\t<\/div>\n\t\t\t\n\t\t<\/div>\n\t\t\t\n\t<\/div><!-- .col -->\n\n<\/div><!-- .row -->\n\n\n\t\t\n\n\t\n\t\t\n\t\t\t\n<div class=\"row v-align--center pb--128 pt--128\" data-reveal-wrapper>\n\n\n\t<div class=\"col col-6 col-12--sm col--image flex-order--1--sm\">\n\t\t\n\n<div class=\"media--wrapper ar--4-3 br elevation-3\" data-reveal>\n\n  \n  <picture class=\"media\">\n    <source srcset=\"https:\/\/metamorphio.com\/wp\/wp-content\/uploads\/2025\/08\/Projektmanagement.jpg 3000w, https:\/\/metamorphio.com\/wp\/wp-content\/uploads\/2025\/08\/Projektmanagement-2000x1334.jpg 2000w, https:\/\/metamorphio.com\/wp\/wp-content\/uploads\/2025\/08\/Projektmanagement-1600x1067.jpg 1600w, https:\/\/metamorphio.com\/wp\/wp-content\/uploads\/2025\/08\/Projektmanagement-1200x800.jpg 1200w, https:\/\/metamorphio.com\/wp\/wp-content\/uploads\/2025\/08\/Projektmanagement-800x533.jpg 800w\" sizes=\"(min-width: 1697px) 748px,               \t\t\t  (min-width: 835px) 44.1vw,\t\t\t\t\t            87vw\"\/>\n    <img loading=\"lazy\" class=\"lazy media\" \n        width=\"4\" height=\"3\"        data-src=\"https:\/\/metamorphio.com\/wp\/wp-content\/uploads\/2025\/08\/Projektmanagement.jpg\" \n        data-srcset=\"https:\/\/metamorphio.com\/wp\/wp-content\/uploads\/2025\/08\/Projektmanagement.jpg 3000w, https:\/\/metamorphio.com\/wp\/wp-content\/uploads\/2025\/08\/Projektmanagement-2000x1334.jpg 2000w, https:\/\/metamorphio.com\/wp\/wp-content\/uploads\/2025\/08\/Projektmanagement-1600x1067.jpg 1600w, https:\/\/metamorphio.com\/wp\/wp-content\/uploads\/2025\/08\/Projektmanagement-1200x800.jpg 1200w, https:\/\/metamorphio.com\/wp\/wp-content\/uploads\/2025\/08\/Projektmanagement-800x533.jpg 800w\"\n        sizes=\"auto, (min-width: 1697px) 748px,               \t\t\t  (min-width: 835px) 44.1vw,\t\t\t\t\t            87vw\"\n        alt=\"Projektmanagement \/ Projektsteuerung\"\/>\n  <\/picture>\n\n  \n<\/div>\n\n\n\t<\/div><!-- .col -->\n\n\t\n\t<div class=\"col col-6 col-12--sm col--text v-align--center pt--48--sm flex-order--2--sm\">\n\n\t\t<div class=\"col--inner pl--64 pr--64 pl--16--xs pr--16--xs\">\n\n\t\t\t<hgroup>\t<div class=\"t-h6--big pb--8 t-color--orange\" data-reveal>Projektmanagement&nbsp;<span style=\"font-feature-settings: 'ss12';\">&amp;<\/span>&nbsp;Projektsteuerung<\/div>\t<h2 data-reveal>Know-how f\u00fcr komplexe, digitale Projekte \u2013 verl\u00e4sslich gesteuert.<\/h2><\/hgroup>\n\t\t\t\n\t\t\t<div data-reveal class=\"t-h5\"><\/div>\n\t\t\t<div data-reveal class=\"t-copy--medium--long t--wysiwyg pt--32\"><ul>\n<li>Operative Projektleitung und Projektmanagement-Unterst\u00fctzung<\/li>\n<li>Agile und klassische Projektmethoden (Scrum, Kanban, Prince2 etc.)<\/li>\n<li>Stakeholder- und Risiko-Management<\/li>\n<li>Qualit\u00e4tssicherung, Budgetplanung und Controlling<\/li>\n<\/ul>\n<\/div>\n\n\t\t\t\t\t\t\t<div class=\"pt--40\">\n\t\t\t\t\t\t<div class=\"btn--wrapper\" data-reveal>\n\t\t<a class=\"btn btn--secondary icon--arrow btn--full-width--sm\" href=\"https:\/\/metamorphio.com\/en\/references\/?kompetenz=projektmanagement\">Referenzen anzeigen<\/a>\n\t<\/div>\n\t\t\t\t<\/div>\n\t\t\t\n\t\t<\/div>\n\t\t\t\n\t<\/div><!-- .col -->\n\n<\/div><!-- .row -->\n\n\n\t\t\n\n\t\n\n<\/div><!-- .sections -->\t  <\/div><!-- .module--inner -->\n\n<\/div><!-- .module -->\n\n\n\n\n\n\n<div class=\"module module--content--clients\">\n\n\t<div class=\"module--inner pb--160 pt--160 bg--color--grey--super-light\" data-reveal-wrapper>\n\n\n<div class=\"module--inner\">\n\n<div class=\"row h-align--center pb--64\">\n\n\n\t\t<div class=\"col col-4 col-6--md col-12--sm col--image flex-order--1--sm\">\n\n\t\t\t<hgroup>\t<div class=\"t-h6--big pb--8 t-color--orange\" data-reveal>Kunden und Marken<\/div>\t<h2 data-reveal>Starke Marken \u2028brauchen starke Beratung<\/h2><\/hgroup>\t\t\t\n\t\t<\/div>\n\n\t\t\n\t\t<div class=\"col col-6 col-12--sm col--text v-align--center pt--24--sm flex-order--2--sm\">\n\n\t\t\t<div class=\"col--inner\">\n\n\t\t\t\t<div data-reveal class=\"t-copy--medium--long t--wysiwyg\"><p>Das Team von Metamorphio ber\u00e4t und begleitet namhafte Kunden bei der Entwicklung der Digitalisierungsstrategie, der Umsetzung von Digitalisierungsprojekten und auch in der Vorbereitung und Durchf\u00fchrung von Vergabeverfahren.<\/p>\n<\/div>\n\n\t\t\t\t\t\t\t\t\t<div class=\"pt--48\">\n\t\t\t\t\t\t\t<div class=\"btn--wrapper\" data-reveal>\n\t\t<a class=\"btn btn--secondary icon--arrow\" href=\"http:\/\/metamorphio.com\/en\/wp\/references\/\">Zu den Referenzen<\/a>\n\t<\/div>\n\t\t\t\t\t<\/div>\n\t\t\t\t\n\t\t\t<\/div>\n\t\t\t\t\n\n\t\t<\/div>\n\n\t<\/div>\n\n\n\t<\/div>\n\n\n\t\t\n\n\n<\/div>\n\n  <\/div><!-- .module--inner -->\n\n<!-- .module -->\n\n\n\n\n\t\n<div class=\"module module--teaser--cta\">\n\n\t<div class=\"module--inner pb--128 pt--128 bg--color--gradient\" data-reveal-wrapper>\n\n\t<div class=\"row h-align--center higher-z-index\">\n\n\n\t\t<div class=\"col col-6 col-12--sm col--image flex-order--1--sm\">\n\t\t\t<div class=\"pl--48 pr--48 pl--0--sm pr--0--sm\">\n\t\t\t\t<h2 class=\"t-h--cta\" data-reveal>Du bist neugierig geworden? Sprich uns gerne an. <\/h2>\t\t\t<\/div>\n\t\t<\/div>\n\n\t\t\n\t\t<div class=\"col col-6 col-12--sm col--text v-align--center pt--24--sm flex-order--2--sm\">\n\n\t\t\t<div class=\"col--inner pl--48 pr--48 pl--0--sm pr--0--sm\">\n\n\t\t\t\t<div data-reveal class=\"t-copy--large t--wysiwyg\"><p>Gemeinsam finden wir die passende L\u00f6sung f\u00fcr deine digitale Herausforderung. Wir freuen uns auf den Austausch mit dir.<\/p>\n<\/div>\n\n\t\t\t\t<div class=\"pt--48\">\n\t\t\t\t\t\t<div class=\"btn--wrapper\" data-reveal>\n\t\t<a class=\"btn btn--primary icon--arrow\" href=\"http:\/\/metamorphio.com\/en\/wp\/kontakt\/\">Jetzt Kontakt aufnehmen<\/a>\n\t<\/div>\n\t\t\t\t<\/div>\n\n\t\t\t<\/div>\n\t\t\t\t\n\n\t\t<\/div>\n\n\t<\/div>\t  <\/div><!-- .module--inner -->\n\n<\/div><!-- .module -->","protected":false},"excerpt":{"rendered":"","protected":false},"author":1,"featured_media":0,"parent":0,"menu_order":3,"comment_status":"closed","ping_status":"closed","template":"","meta":{"_acf_changed":false,"footnotes":""},"class_list":["post-106","page","type-page","status-publish","hentry"],"acf":[],"_links":{"self":[{"href":"https:\/\/metamorphio.com\/en\/wp-json\/wp\/v2\/pages\/106","targetHints":{"allow":["GET"]}}],"collection":[{"href":"https:\/\/metamorphio.com\/en\/wp-json\/wp\/v2\/pages"}],"about":[{"href":"https:\/\/metamorphio.com\/en\/wp-json\/wp\/v2\/types\/page"}],"author":[{"embeddable":true,"href":"https:\/\/metamorphio.com\/en\/wp-json\/wp\/v2\/users\/1"}],"replies":[{"embeddable":true,"href":"https:\/\/metamorphio.com\/en\/wp-json\/wp\/v2\/comments?post=106"}],"version-history":[{"count":0,"href":"https:\/\/metamorphio.com\/en\/wp-json\/wp\/v2\/pages\/106\/revisions"}],"wp:attachment":[{"href":"https:\/\/metamorphio.com\/en\/wp-json\/wp\/v2\/media?parent=106"}],"curies":[{"name":"wp","href":"https:\/\/api.w.org\/{rel}","templated":true}]}}